{"id":4437,"date":"2019-12-19T14:44:42","date_gmt":"2019-12-19T13:44:42","guid":{"rendered":"https:\/\/www.scientec.fr\/services\/"},"modified":"2025-05-28T12:58:36","modified_gmt":"2025-05-28T10:58:36","slug":"services","status":"publish","type":"page","link":"https:\/\/www.scientec.fr\/en\/services\/","title":{"rendered":"Services"},"content":{"rendered":"\n\n\t<h1>Our services<\/h1>\n\t<h2>Leasing<\/h2>\n\t<p>The company Scientec can put at your disposal some equipment of its range in terms some equipment of its range in terms of rental.<\/p>\n<p>&nbsp;<\/p>\n<p>In the PHOTOMETRY department, luxmeters (T-10A), chromameter (CS-100A), spectroradiometers (CS-2000), screen analyzers (CA-310; CA-410) and video-colorimeters (LMK 98-4;) are available.<\/p>\n<p>&nbsp;<\/p>\n<p>In the SURFACE ANALYSIS department, AFM microscopes, mechanical profilometers (P series), interferometric microscopes (MicroXAM) are also available.<\/p>\n<p>&nbsp;<\/p>\n<p>Any request from you will be considered. Do not hesitate to call us or make an explicit request by e-mail. For any information concerning rentals, please do not hesitate to ask us for details at this electronic address: <a href=\"mailto:info@scientec.fr\">info@scientec.fr\u00a0<\/a><\/p>\n\t\t\t\t<img decoding=\"async\" src=\"http:\/\/www.scientec.fr\/wp-content\/uploads\/2019\/07\/showroum-scientec-463x400.png\" alt=\"Showroum-scientec\" itemprop=\"image\" title=\"Showroum-scientec\" onerror=\"this.style.display='none'\" loading='lazy' \/>\n\t\t\t\t<img decoding=\"async\" src=\"http:\/\/www.scientec.fr\/wp-content\/uploads\/2019\/07\/salle-noir-scientec-463x400.png\" alt=\"Salle-noir-scientec\" itemprop=\"image\" title=\"Salle-noir-scientec\" onerror=\"this.style.display='none'\" loading='lazy' \/>\n\t<h2>Calibration &amp; standardization<\/h2>\n\t<p>The ScienTec company has all the equipment necessary to calibrate the equipment that it markets or that it rents.<\/p>\n<p>&nbsp;<\/p>\n<p>Une salle noire permet l&#8217;\u00e9talonnage et le calibrage de tous les \u00e9quipements du d\u00e9partement PHOTOMETRIE (luminancem\u00e8tre, spectroradiom\u00e8tre, source de r\u00e9f\u00e9rence, luxm\u00e8tre&#8230;) sur des sources certifi\u00e9es COFRAC, des monochromateurs, des bancs optiques&#8230;<\/p>\n<p>&nbsp;<\/p>\n<p>Pour ce qui concerne le d\u00e9partement ANALYSE DE SURFACE, un laboratoire \u00e9quip\u00e9 de bancs de tests et de standards permet les calibrages et \u00e9talonnages des scanners AFM, des profilom\u00e8tres m\u00e9caniques, des profilom\u00e8tres optiques&#8230;<\/p>\n<p>&nbsp;<\/p>\n<p>N&#8217;h\u00e9sitez pas \u00e0 nous contacter pour de plus amples informations \u00e0 cette adresse : <a href=\"mailto:info@scientec.fr\">info@scientec.fr<\/a><\/p>\n\t<h2>Sample run and demonstration<\/h2>\n\tDo you hesitate before buying a product? Don&#8217;t have the budget? Send us your samples or request a demonstration<br \/>\nDo not hesitate to contact us for more information at this address: <a href=\"mailto:info@scientec.fr\">info@scientec.fr<\/a>\n\t\t\t\t<img decoding=\"async\" src=\"http:\/\/www.scientec.fr\/wp-content\/uploads\/2019\/07\/presta.jpg\" alt=\"Presta\" itemprop=\"image\" title=\"Presta\" onerror=\"this.style.display='none'\" loading='lazy' \/>\n\t\t\t\t<img decoding=\"async\" src=\"https:\/\/www.scientec.fr\/wp-content\/uploads\/2025\/05\/screenshot-2025-05-28-at-1241-43pm.png\" alt=\"3D SURFACE ANALYSIS - Samples\" itemprop=\"image\" height=\"854\" width=\"802\" title=\"3D SURFACE ANALYSIS - Samples\" onerror=\"this.style.display='none'\" loading='lazy' \/>\n\t<h2>3D Surface Analysis Guide<\/h2>\n\t<p>This document is intended as an introduction to surface analysis techniques. Its main objective is to give an overview of all the techniques developed and how they work, as well as all the possibilities they bring.<\/p>\n<p>&nbsp;<\/p>\n<p>The document is the result of the work of the ScienTec application team and the content of this guide is the selection of topics covered in different websites, as well as additional unedited content. We hope it opens the doors to surface analysis for you and gives you enough information to choose the technique that best meets your needs. If you need more information on any of the techniques, we will always be happy to provide it to you. Our efforts are always focused on producing relevant material for anyone who wants to apply this technique to their daily work. More information can always be found on our website or by contacting us directly. The distribution of surface analysis devices is not only our business, but also our passion and we would be delighted to share it with you.<\/p>\n<p>&nbsp;<\/p>\n<p>Do not hesitate to contact us to discuss these techniques or give us your opinion on this content via our email address <a href=\"mailto:info@scientec.fr\">info@scientec.fr<\/a> This is not a complete guide to surface analysis, as we reserve this task for much more comprehensive manuals.<\/p>\n\t\t\t<a href=\"#\" role=\"button\">\n\t\t\t\t\t\tDownload Guide\n\t\t\t\t\t<\/a>\n\t\t\t<script type=\"text\/javascript\">\n\/* <![CDATA[ *\/\nvar gform;gform||(document.addEventListener(\"gform_main_scripts_loaded\",function(){gform.scriptsLoaded=!0}),document.addEventListener(\"gform\/theme\/scripts_loaded\",function(){gform.themeScriptsLoaded=!0}),window.addEventListener(\"DOMContentLoaded\",function(){gform.domLoaded=!0}),gform={domLoaded:!1,scriptsLoaded:!1,themeScriptsLoaded:!1,isFormEditor:()=>\"function\"==typeof InitializeEditor,callIfLoaded:function(o){return!(!gform.domLoaded||!gform.scriptsLoaded||!gform.themeScriptsLoaded&&!gform.isFormEditor()||(gform.isFormEditor()&&console.warn(\"The use of gform.initializeOnLoaded() is deprecated in the form editor context and will be removed in Gravity Forms 3.1.\"),o(),0))},initializeOnLoaded:function(o){gform.callIfLoaded(o)||(document.addEventListener(\"gform_main_scripts_loaded\",()=>{gform.scriptsLoaded=!0,gform.callIfLoaded(o)}),document.addEventListener(\"gform\/theme\/scripts_loaded\",()=>{gform.themeScriptsLoaded=!0,gform.callIfLoaded(o)}),window.addEventListener(\"DOMContentLoaded\",()=>{gform.domLoaded=!0,gform.callIfLoaded(o)}))},hooks:{action:{},filter:{}},addAction:function(o,r,e,t){gform.addHook(\"action\",o,r,e,t)},addFilter:function(o,r,e,t){gform.addHook(\"filter\",o,r,e,t)},doAction:function(o){gform.doHook(\"action\",o,arguments)},applyFilters:function(o){return gform.doHook(\"filter\",o,arguments)},removeAction:function(o,r){gform.removeHook(\"action\",o,r)},removeFilter:function(o,r,e){gform.removeHook(\"filter\",o,r,e)},addHook:function(o,r,e,t,n){null==gform.hooks[o][r]&&(gform.hooks[o][r]=[]);var d=gform.hooks[o][r];null==n&&(n=r+\"_\"+d.length),gform.hooks[o][r].push({tag:n,callable:e,priority:t=null==t?10:t})},doHook:function(r,o,e){var t;if(e=Array.prototype.slice.call(e,1),null!=gform.hooks[r][o]&&((o=gform.hooks[r][o]).sort(function(o,r){return o.priority-r.priority}),o.forEach(function(o){\"function\"!=typeof(t=o.callable)&&(t=window[t]),\"action\"==r?t.apply(null,e):e[0]=t.apply(null,e)})),\"filter\"==r)return e[0]},removeHook:function(o,r,t,n){var e;null!=gform.hooks[o][r]&&(e=(e=gform.hooks[o][r]).filter(function(o,r,e){return!!(null!=n&&n!=o.tag||null!=t&&t!=o.priority)}),gform.hooks[o][r]=e)}});\n\/* ]]> *\/\n<\/script>\n\n                <div class='gf_browser_gecko gform_wrapper gform_legacy_markup_wrapper gform-theme--no-framework' data-form-theme='legacy' data-form-index='0' id='gform_wrapper_8' ><div id='gf_8' class='gform_anchor' tabindex='-1'><\/div>\n                        <div class='gform_heading'>\n                            <h3 class=\"gform_title\">3D Surface Analysis Guide<\/h3>\n                            <p class='gform_description'><\/p>\n                        <\/div><form method='post' enctype='multipart\/form-data' target='gform_ajax_frame_8' id='gform_8'  action='\/en\/wp-json\/wp\/v2\/pages\/4437#gf_8' data-formid='8' novalidate>\n                        <div class='gform-body gform_body'><ul id='gform_fields_8' class='gform_fields top_label form_sublabel_below description_below validation_below'><li id=\"field_8_11\" class=\"gfield gfield--type-honeypot gform_validation_container field_sublabel_below gfield--has-description field_description_below field_validation_below gfield_visibility_visible\"  ><label class='gfield_label gform-field-label' for='input_8_11'>LinkedIn<\/label><div class='ginput_container'><input name='input_11' id='input_8_11' type='text' value='' autocomplete='new-password'\/><\/div><div class='gfield_description' id='gfield_description_8_11'>This field is for validation purposes and should be left unchanged.<\/div><\/li><li id=\"field_8_9\" class=\"gfield gfield--type-name gfield_contains_required field_sublabel_hidden_label gfield--no-description field_description_below hidden_label field_validation_below gfield_visibility_visible\"  ><label class='gfield_label gform-field-label screen-reader-text gfield_label_before_complex' ><span class=\"gfield_required\"><span class=\"gfield_required gfield_required_asterisk\">*<\/span><\/span><\/label><div class='ginput_complex ginput_container ginput_container--name no_prefix no_first_name no_middle_name has_last_name no_suffix gf_name_has_1 ginput_container_name gform-grid-row' id='input_8_9'>\n                            \n                            \n                            \n                            <span id='input_8_9_6_container' class='name_last gform-grid-col gform-grid-col--size-auto' >\n                                                    <input type='text' name='input_9.6' id='input_8_9_6' value=''   aria-required='true'   placeholder='Name'  \/>\n                                                    <label for='input_8_9_6' class='gform-field-label gform-field-label--type-sub hidden_sub_label screen-reader-text'>Last<\/label>\n                                                <\/span>\n                            \n                        <\/div><\/li><li id=\"field_8_8\" class=\"gfield gfield--type-email gfield_contains_required field_sublabel_below gfield--no-description field_description_below hidden_label field_validation_below gfield_visibility_visible\"  ><label class='gfield_label gform-field-label' for='input_8_8'>E-mail<span class=\"gfield_required\"><span class=\"gfield_required gfield_required_asterisk\">*<\/span><\/span><\/label><div class='ginput_container ginput_container_email'>\n                            <input name='input_8' id='input_8_8' type='email' value='' class='medium'   placeholder='Email' aria-required=\"true\" aria-invalid=\"false\"  \/>\n                        <\/div><\/li><li id=\"field_8_10\" class=\"gfield gfield--type-captcha gfield--width-full field_sublabel_below gfield--no-description field_description_below field_validation_below gfield_visibility_visible\"  ><label class='gfield_label gform-field-label' for='input_8_10'>CAPTCHA<\/label><div id='input_8_10' class='ginput_container ginput_recaptcha' data-sitekey='6LctBoIUAAAAAIOYFdPxLZAd36bHEGg16VoiIXVp'  data-theme='light' data-tabindex='0'  data-badge=''><\/div><\/li><\/ul><\/div>\n        <div class='gform-footer gform_footer top_label'> <input type='submit' id='gform_submit_button_8' class='gform_button button' onclick='gform.submission.handleButtonClick(this);' data-submission-type='submit' value='Receive the guide'  \/> <input type='hidden' name='gform_ajax' value='form_id=8&amp;title=1&amp;description=1&amp;tabindex=0&amp;theme=legacy&amp;styles=[]&amp;hash=9a41b264d34f4214d78dde2b4f1246dd' \/>\n            <input type='hidden' class='gform_hidden' name='gform_submission_method' data-js='gform_submission_method_8' value='iframe' \/>\n            <input type='hidden' class='gform_hidden' name='gform_theme' data-js='gform_theme_8' id='gform_theme_8' value='legacy' \/>\n            <input type='hidden' class='gform_hidden' name='gform_style_settings' data-js='gform_style_settings_8' id='gform_style_settings_8' value='[]' \/>\n            <input type='hidden' class='gform_hidden' name='is_submit_8' value='1' \/>\n            <input type='hidden' class='gform_hidden' name='gform_submit' value='8' \/>\n            \n            <input type='hidden' class='gform_hidden' name='gform_currency' data-currency='EUR' value='IdQPk3PVYLod5Kw\/Z5BNEAq3fc3s4uKJ0nJ8cPE9fcr7MbBw9WnWqmVvM\/WnDJFAnIhdn09BA0gpiGMvzaucU6FcUPIYShnNP8GewqkINF7s+t0=' \/>\n            <input type='hidden' class='gform_hidden' name='gform_unique_id' value='' \/>\n            <input type='hidden' class='gform_hidden' name='state_8' value='WyJbXSIsIjk4N2ViMWU4OTI1YzA1MmRmODNlOGQ3NDRiYzlhMjM0Il0=' \/>\n            <input type='hidden' autocomplete='off' class='gform_hidden' name='gform_target_page_number_8' id='gform_target_page_number_8' value='0' \/>\n            <input type='hidden' autocomplete='off' class='gform_hidden' name='gform_source_page_number_8' id='gform_source_page_number_8' value='1' \/>\n            <input type='hidden' name='gform_field_values' value='' \/>\n            \n        <\/div>\n                        <\/form>\n                        <\/div>\n\t\t                <iframe style='display:none;width:0px;height:0px;' src='about:blank' name='gform_ajax_frame_8' id='gform_ajax_frame_8' title='This iframe contains the logic required to handle Ajax powered Gravity Forms.'><\/iframe>\n\t\t                <script type=\"text\/javascript\">\n\/* <![CDATA[ *\/\n gform.initializeOnLoaded( function() {gformInitSpinner( 8, 'https:\/\/www.scientec.fr\/wp-content\/plugins\/gravityforms\/images\/spinner.svg', true );jQuery('#gform_ajax_frame_8').on('load',function(){var contents = jQuery(this).contents().find('*').html();var is_postback = contents.indexOf('GF_AJAX_POSTBACK') >= 0;if(!is_postback){return;}var form_content = jQuery(this).contents().find('#gform_wrapper_8');var is_confirmation = jQuery(this).contents().find('#gform_confirmation_wrapper_8').length > 0;var is_redirect = contents.indexOf('gformRedirect(){') >= 0;var is_form = form_content.length > 0 && ! is_redirect && ! is_confirmation;var mt = parseInt(jQuery('html').css('margin-top'), 10) + parseInt(jQuery('body').css('margin-top'), 10) + 100;if(is_form){jQuery('#gform_wrapper_8').html(form_content.html());if(form_content.hasClass('gform_validation_error')){jQuery('#gform_wrapper_8').addClass('gform_validation_error');} else {jQuery('#gform_wrapper_8').removeClass('gform_validation_error');}setTimeout( function() { \/* delay the scroll by 50 milliseconds to fix a bug in chrome *\/ jQuery(document).scrollTop(jQuery('#gform_wrapper_8').offset().top - mt); }, 50 );if(window['gformInitDatepicker']) {gformInitDatepicker();}if(window['gformInitPriceFields']) {gformInitPriceFields();}var current_page = jQuery('#gform_source_page_number_8').val();gformInitSpinner( 8, 'https:\/\/www.scientec.fr\/wp-content\/plugins\/gravityforms\/images\/spinner.svg', true );jQuery(document).trigger('gform_page_loaded', [8, current_page]);window['gf_submitting_8'] = false;}else if(!is_redirect){var confirmation_content = jQuery(this).contents().find('.GF_AJAX_POSTBACK').html();if(!confirmation_content){confirmation_content = contents;}jQuery('#gform_wrapper_8').replaceWith(confirmation_content);jQuery(document).scrollTop(jQuery('#gf_8').offset().top - mt);jQuery(document).trigger('gform_confirmation_loaded', [8]);window['gf_submitting_8'] = false;wp.a11y.speak(jQuery('#gform_confirmation_message_8').text());}else{jQuery('#gform_8').append(contents);if(window['gformRedirect']) {gformRedirect();}}jQuery(document).trigger(\"gform_pre_post_render\", [{ formId: \"8\", currentPage: \"current_page\", abort: function() { this.preventDefault(); } }]);        if (event && event.defaultPrevented) {                return;        }        const gformWrapperDiv = document.getElementById( \"gform_wrapper_8\" );        if ( gformWrapperDiv ) {            const visibilitySpan = document.createElement( \"span\" );            visibilitySpan.id = \"gform_visibility_test_8\";            gformWrapperDiv.insertAdjacentElement( \"afterend\", visibilitySpan );        }        const visibilityTestDiv = document.getElementById( \"gform_visibility_test_8\" );        let postRenderFired = false;        function triggerPostRender() {            if ( postRenderFired ) {                return;            }            postRenderFired = true;            gform.core.triggerPostRenderEvents( 8, current_page );            if ( visibilityTestDiv ) {                visibilityTestDiv.parentNode.removeChild( visibilityTestDiv );            }        }        function debounce( func, wait, immediate ) {            var timeout;            return function() {                var context = this, args = arguments;                var later = function() {                    timeout = null;                    if ( !immediate ) func.apply( context, args );                };                var callNow = immediate && !timeout;                clearTimeout( timeout );                timeout = setTimeout( later, wait );                if ( callNow ) func.apply( context, args );            };        }        const debouncedTriggerPostRender = debounce( function() {            triggerPostRender();        }, 200 );        if ( visibilityTestDiv && visibilityTestDiv.offsetParent === null ) {            const observer = new MutationObserver( ( mutations ) => {                mutations.forEach( ( mutation ) => {                    if ( mutation.type === 'attributes' && visibilityTestDiv.offsetParent !== null ) {                        debouncedTriggerPostRender();                        observer.disconnect();                    }                });            });            observer.observe( document.body, {                attributes: true,                childList: false,                subtree: true,                attributeFilter: [ 'style', 'class' ],            });        } else {            triggerPostRender();        }    } );} ); \n\/* ]]> *\/\n<\/script>\n\t\t\n\n","protected":false},"excerpt":{"rendered":"<p>Our services Leasing The company Scientec can put at your disposal some equipment of its range in terms some equipment of its range in terms of rental. &nbsp; In the PHOTOMETRY department, luxmeters (T-10A), chromameter (CS-100A), spectroradiometers (CS-2000), screen analyzers (CA-310; CA-410) and video-colorimeters (LMK 98-4;) are available. &nbsp; In the SURFACE ANALYSIS department, AFM [&hellip;]<\/p>\n","protected":false},"author":3,"featured_media":0,"parent":0,"menu_order":0,"comment_status":"closed","ping_status":"closed","template":"","meta":{"_acf_changed":false,"footnotes":""},"class_list":{"0":"post-4437","1":"page","2":"type-page","3":"status-publish","5":"entry","6":"has-post-thumbnail"},"acf":[],"yoast_head":"<!-- This site is optimized with the Yoast SEO plugin v27.4 - https:\/\/yoast.com\/product\/yoast-seo-wordpress\/ -->\n<title>Services - Scientec<\/title>\n<meta name=\"robots\" content=\"index, follow, max-snippet:-1, max-image-preview:large, max-video-preview:-1\" \/>\n<link rel=\"canonical\" href=\"https:\/\/www.scientec.fr\/en\/services\/\" \/>\n<meta property=\"og:locale\" content=\"en_US\" \/>\n<meta property=\"og:type\" content=\"article\" \/>\n<meta property=\"og:title\" content=\"Services - Scientec\" \/>\n<meta property=\"og:description\" content=\"Our services Leasing The company Scientec can put at your disposal some equipment of its range in terms some equipment of its range in terms of rental. &nbsp; In the PHOTOMETRY department, luxmeters (T-10A), chromameter (CS-100A), spectroradiometers (CS-2000), screen analyzers (CA-310; CA-410) and video-colorimeters (LMK 98-4;) are available. &nbsp; In the SURFACE ANALYSIS department, AFM [&hellip;]\" \/>\n<meta property=\"og:url\" content=\"https:\/\/www.scientec.fr\/en\/services\/\" \/>\n<meta property=\"og:site_name\" content=\"Scientec\" \/>\n<meta property=\"article:modified_time\" content=\"2025-05-28T10:58:36+00:00\" \/>\n<meta property=\"og:image\" content=\"http:\/\/www.scientec.fr\/wp-content\/uploads\/2019\/07\/showroum-scientec-463x400.png\" \/>\n<meta name=\"twitter:card\" content=\"summary_large_image\" \/>\n<meta name=\"twitter:label1\" content=\"Est. reading time\" \/>\n\t<meta name=\"twitter:data1\" content=\"2 minutes\" \/>\n<script type=\"application\/ld+json\" class=\"yoast-schema-graph\">{\"@context\":\"https:\\\/\\\/schema.org\",\"@graph\":[{\"@type\":\"WebPage\",\"@id\":\"https:\\\/\\\/www.scientec.fr\\\/en\\\/services\\\/\",\"url\":\"https:\\\/\\\/www.scientec.fr\\\/en\\\/services\\\/\",\"name\":\"Services - Scientec\",\"isPartOf\":{\"@id\":\"https:\\\/\\\/www.scientec.fr\\\/#website\"},\"primaryImageOfPage\":{\"@id\":\"https:\\\/\\\/www.scientec.fr\\\/en\\\/services\\\/#primaryimage\"},\"image\":{\"@id\":\"https:\\\/\\\/www.scientec.fr\\\/en\\\/services\\\/#primaryimage\"},\"thumbnailUrl\":\"http:\\\/\\\/www.scientec.fr\\\/wp-content\\\/uploads\\\/2019\\\/07\\\/showroum-scientec-463x400.png\",\"datePublished\":\"2019-12-19T13:44:42+00:00\",\"dateModified\":\"2025-05-28T10:58:36+00:00\",\"breadcrumb\":{\"@id\":\"https:\\\/\\\/www.scientec.fr\\\/en\\\/services\\\/#breadcrumb\"},\"inLanguage\":\"en-US\",\"potentialAction\":[{\"@type\":\"ReadAction\",\"target\":[\"https:\\\/\\\/www.scientec.fr\\\/en\\\/services\\\/\"]}]},{\"@type\":\"ImageObject\",\"inLanguage\":\"en-US\",\"@id\":\"https:\\\/\\\/www.scientec.fr\\\/en\\\/services\\\/#primaryimage\",\"url\":\"http:\\\/\\\/www.scientec.fr\\\/wp-content\\\/uploads\\\/2019\\\/07\\\/showroum-scientec-463x400.png\",\"contentUrl\":\"http:\\\/\\\/www.scientec.fr\\\/wp-content\\\/uploads\\\/2019\\\/07\\\/showroum-scientec-463x400.png\"},{\"@type\":\"BreadcrumbList\",\"@id\":\"https:\\\/\\\/www.scientec.fr\\\/en\\\/services\\\/#breadcrumb\",\"itemListElement\":[{\"@type\":\"ListItem\",\"position\":1,\"name\":\"Accueil\",\"item\":\"https:\\\/\\\/www.scientec.fr\\\/en\\\/\"},{\"@type\":\"ListItem\",\"position\":2,\"name\":\"Services\"}]},{\"@type\":\"WebSite\",\"@id\":\"https:\\\/\\\/www.scientec.fr\\\/#website\",\"url\":\"https:\\\/\\\/www.scientec.fr\\\/\",\"name\":\"Scientec\",\"description\":\"La SoluTion \u00e0 vos mesures\",\"publisher\":{\"@id\":\"https:\\\/\\\/www.scientec.fr\\\/#organization\"},\"potentialAction\":[{\"@type\":\"SearchAction\",\"target\":{\"@type\":\"EntryPoint\",\"urlTemplate\":\"https:\\\/\\\/www.scientec.fr\\\/?s={search_term_string}\"},\"query-input\":{\"@type\":\"PropertyValueSpecification\",\"valueRequired\":true,\"valueName\":\"search_term_string\"}}],\"inLanguage\":\"en-US\"},{\"@type\":\"Organization\",\"@id\":\"https:\\\/\\\/www.scientec.fr\\\/#organization\",\"name\":\"Scientec\",\"url\":\"https:\\\/\\\/www.scientec.fr\\\/\",\"logo\":{\"@type\":\"ImageObject\",\"inLanguage\":\"en-US\",\"@id\":\"https:\\\/\\\/www.scientec.fr\\\/#\\\/schema\\\/logo\\\/image\\\/\",\"url\":\"https:\\\/\\\/www.scientec.fr\\\/wp-content\\\/uploads\\\/2018\\\/01\\\/scientec-slogan.png\",\"contentUrl\":\"https:\\\/\\\/www.scientec.fr\\\/wp-content\\\/uploads\\\/2018\\\/01\\\/scientec-slogan.png\",\"width\":6947,\"height\":1545,\"caption\":\"Scientec\"},\"image\":{\"@id\":\"https:\\\/\\\/www.scientec.fr\\\/#\\\/schema\\\/logo\\\/image\\\/\"}}]}<\/script>\n<!-- \/ Yoast SEO plugin. -->","yoast_head_json":{"title":"Services - Scientec","robots":{"index":"index","follow":"follow","max-snippet":"max-snippet:-1","max-image-preview":"max-image-preview:large","max-video-preview":"max-video-preview:-1"},"canonical":"https:\/\/www.scientec.fr\/en\/services\/","og_locale":"en_US","og_type":"article","og_title":"Services - Scientec","og_description":"Our services Leasing The company Scientec can put at your disposal some equipment of its range in terms some equipment of its range in terms of rental. &nbsp; In the PHOTOMETRY department, luxmeters (T-10A), chromameter (CS-100A), spectroradiometers (CS-2000), screen analyzers (CA-310; CA-410) and video-colorimeters (LMK 98-4;) are available. &nbsp; In the SURFACE ANALYSIS department, AFM [&hellip;]","og_url":"https:\/\/www.scientec.fr\/en\/services\/","og_site_name":"Scientec","article_modified_time":"2025-05-28T10:58:36+00:00","og_image":[{"url":"http:\/\/www.scientec.fr\/wp-content\/uploads\/2019\/07\/showroum-scientec-463x400.png","type":"","width":"","height":""}],"twitter_card":"summary_large_image","twitter_misc":{"Est. reading time":"2 minutes"},"schema":{"@context":"https:\/\/schema.org","@graph":[{"@type":"WebPage","@id":"https:\/\/www.scientec.fr\/en\/services\/","url":"https:\/\/www.scientec.fr\/en\/services\/","name":"Services - Scientec","isPartOf":{"@id":"https:\/\/www.scientec.fr\/#website"},"primaryImageOfPage":{"@id":"https:\/\/www.scientec.fr\/en\/services\/#primaryimage"},"image":{"@id":"https:\/\/www.scientec.fr\/en\/services\/#primaryimage"},"thumbnailUrl":"http:\/\/www.scientec.fr\/wp-content\/uploads\/2019\/07\/showroum-scientec-463x400.png","datePublished":"2019-12-19T13:44:42+00:00","dateModified":"2025-05-28T10:58:36+00:00","breadcrumb":{"@id":"https:\/\/www.scientec.fr\/en\/services\/#breadcrumb"},"inLanguage":"en-US","potentialAction":[{"@type":"ReadAction","target":["https:\/\/www.scientec.fr\/en\/services\/"]}]},{"@type":"ImageObject","inLanguage":"en-US","@id":"https:\/\/www.scientec.fr\/en\/services\/#primaryimage","url":"http:\/\/www.scientec.fr\/wp-content\/uploads\/2019\/07\/showroum-scientec-463x400.png","contentUrl":"http:\/\/www.scientec.fr\/wp-content\/uploads\/2019\/07\/showroum-scientec-463x400.png"},{"@type":"BreadcrumbList","@id":"https:\/\/www.scientec.fr\/en\/services\/#breadcrumb","itemListElement":[{"@type":"ListItem","position":1,"name":"Accueil","item":"https:\/\/www.scientec.fr\/en\/"},{"@type":"ListItem","position":2,"name":"Services"}]},{"@type":"WebSite","@id":"https:\/\/www.scientec.fr\/#website","url":"https:\/\/www.scientec.fr\/","name":"Scientec","description":"La SoluTion \u00e0 vos mesures","publisher":{"@id":"https:\/\/www.scientec.fr\/#organization"},"potentialAction":[{"@type":"SearchAction","target":{"@type":"EntryPoint","urlTemplate":"https:\/\/www.scientec.fr\/?s={search_term_string}"},"query-input":{"@type":"PropertyValueSpecification","valueRequired":true,"valueName":"search_term_string"}}],"inLanguage":"en-US"},{"@type":"Organization","@id":"https:\/\/www.scientec.fr\/#organization","name":"Scientec","url":"https:\/\/www.scientec.fr\/","logo":{"@type":"ImageObject","inLanguage":"en-US","@id":"https:\/\/www.scientec.fr\/#\/schema\/logo\/image\/","url":"https:\/\/www.scientec.fr\/wp-content\/uploads\/2018\/01\/scientec-slogan.png","contentUrl":"https:\/\/www.scientec.fr\/wp-content\/uploads\/2018\/01\/scientec-slogan.png","width":6947,"height":1545,"caption":"Scientec"},"image":{"@id":"https:\/\/www.scientec.fr\/#\/schema\/logo\/image\/"}}]}},"jetpack_sharing_enabled":true,"_links":{"self":[{"href":"https:\/\/www.scientec.fr\/en\/wp-json\/wp\/v2\/pages\/4437","targetHints":{"allow":["GET"]}}],"collection":[{"href":"https:\/\/www.scientec.fr\/en\/wp-json\/wp\/v2\/pages"}],"about":[{"href":"https:\/\/www.scientec.fr\/en\/wp-json\/wp\/v2\/types\/page"}],"author":[{"embeddable":true,"href":"https:\/\/www.scientec.fr\/en\/wp-json\/wp\/v2\/users\/3"}],"replies":[{"embeddable":true,"href":"https:\/\/www.scientec.fr\/en\/wp-json\/wp\/v2\/comments?post=4437"}],"version-history":[{"count":5,"href":"https:\/\/www.scientec.fr\/en\/wp-json\/wp\/v2\/pages\/4437\/revisions"}],"predecessor-version":[{"id":5775,"href":"https:\/\/www.scientec.fr\/en\/wp-json\/wp\/v2\/pages\/4437\/revisions\/5775"}],"wp:attachment":[{"href":"https:\/\/www.scientec.fr\/en\/wp-json\/wp\/v2\/media?parent=4437"}],"curies":[{"name":"wp","href":"https:\/\/api.w.org\/{rel}","templated":true}]}}